{"id":7,"date":"2021-11-18T00:08:29","date_gmt":"2021-11-17T23:08:29","guid":{"rendered":"http:\/\/marta-zablocka.pl\/?page_id=7"},"modified":"2023-10-14T03:43:59","modified_gmt":"2023-10-14T01:43:59","slug":"strona-glowna","status":"publish","type":"page","link":"https:\/\/marta-zablocka.pl\/","title":{"rendered":"Strona g\u0142\u00f3wna"},"content":{"rendered":"<p>[vc_row css=&#8221;.vc_custom_1637265445293{padding-top: 80px !important;padding-bottom: 80px !important;}&#8221; el_id=&#8221;oferta&#8221;][vc_column][vc_row_inner][vc_column_inner][vc_single_image image=&#8221;38&#8243; img_size=&#8221;full&#8221; alignment=&#8221;center&#8221;][\/vc_column_inner][\/vc_row_inner][vc_row_inner][vc_column_inner width=&#8221;1\/3&#8243;][vc_single_image image=&#8221;39&#8243; img_size=&#8221;full&#8221; alignment=&#8221;center&#8221;][vc_column_text el_class=&#8221;bullets&#8221;]<\/p>\n<h2 style=\"text-align: center;\"><strong>Ksi\u0119gowo\u015b\u0107:<\/strong><\/h2>\n<ul>\n<li>Prowadzenie pe\u0142nej ksi\u0119gowo\u015bci<\/li>\n<li>Prowadzenie podatkowej ksi\u0119gi przychod\u00f3w i rozchod\u00f3w<\/li>\n<li>Sporz\u0105dzanie analiz finansowych<\/li>\n<li>Sporz\u0105dzanie sprawozda\u0144 finansowych<\/li>\n<li>Sporz\u0105dzanie rocznych zezna\u0144 podatkowych<\/li>\n<\/ul>\n<p>[\/vc_column_text][\/vc_column_inner][vc_column_inner width=&#8221;1\/3&#8243;][vc_single_image image=&#8221;40&#8243; img_size=&#8221;full&#8221; alignment=&#8221;center&#8221;][vc_column_text el_class=&#8221;bullets&#8221;]<\/p>\n<h2 style=\"text-align: center;\"><strong>Kadry i p\u0142ace:<\/strong><\/h2>\n<ul>\n<li>Przygotowanie dokument\u00f3w &#8211; przyj\u0119cie pracownika<\/li>\n<li>Prowadzenie akt osobowych, kart urlopowych, kart zasi\u0142kowych<\/li>\n<li>Przygotowanie um\u00f3w o prac\u0119, um\u00f3w cywilno-prawnych, \u015bwiadectw pracy<\/li>\n<li>Przygotowanie zg\u0142osze\u0144, zmian, korekt i wyrejestrowa\u0144 do ZUS w\u0142a\u015bcicieli, pracownik\u00f3w i um\u00f3w cywilno-prawnych<\/li>\n<li>Przygotowanie list p\u0142ac<\/li>\n<li>Przygotowanie deklaracji i informacji rocznych PIT-11\/8, PIT-4, PIT-40<\/li>\n<\/ul>\n<p>[\/vc_column_text][\/vc_column_inner][vc_column_inner width=&#8221;1\/3&#8243;][vc_single_image image=&#8221;41&#8243; img_size=&#8221;full&#8221; alignment=&#8221;center&#8221;][vc_column_text el_class=&#8221;bullets&#8221;]<\/p>\n<h2 style=\"text-align: center;\"><strong>Us\u0142ugi dodatkowe:<\/strong><\/h2>\n<ul>\n<li>Przygotowanie dokumentacji finansowej, wniosk\u00f3w kredytowych i innych analiz<\/li>\n<li>Rachunkowo\u015b\u0107 zarz\u0105dcza: kontroling firmy, kalkulacja koszt\u00f3w<\/li>\n<li>Opracowanie zak\u0142adowych plan\u00f3w kont, instrukcji obiegu i kontroli dokument\u00f3w, instrukcji oraz gospodarki magazynowej<\/li>\n<li>Przygotowanie dokumentacji do ZUS i urz\u0119du skarbowego<\/li>\n<li>Sporz\u0105dzanie sprawozda\u0144 statystycznych<\/li>\n<\/ul>\n<p>[\/vc_column_text][\/vc_column_inner][\/vc_row_inner][\/vc_column][\/vc_row][vc_row css=&#8221;.vc_custom_1637265413671{padding-top: 80px !important;padding-bottom: 80px !important;}&#8221; el_id=&#8221;korzysci&#8221;][vc_column][vc_row_inner][vc_column_inner][vc_single_image image=&#8221;36&#8243; img_size=&#8221;full&#8221; alignment=&#8221;center&#8221;][\/vc_column_inner][\/vc_row_inner][vc_row_inner][vc_column_inner width=&#8221;1\/2&#8243;][vc_single_image image=&#8221;73&#8243; img_size=&#8221;full&#8221; alignment=&#8221;center&#8221;][\/vc_column_inner][vc_column_inner width=&#8221;1\/2&#8243;][vc_column_text el_class=&#8221;cv_usluga_grey&#8221;]<\/p>\n<h3 style=\"text-align: center;\"><strong>Personalizacja<\/strong><\/h3>\n<p style=\"text-align: center;\">Ka\u017cdy klient traktowany jest indywidualnie, zale\u017cy nam, aby otrzyma\u0142 to czego potrzebuje.<\/p>\n<p>[\/vc_column_text][vc_column_text el_class=&#8221;cv_usluga_grey&#8221;]<\/p>\n<h3 style=\"text-align: center;\"><strong>Bezpiecze\u0144stwo<\/strong><\/h3>\n<p style=\"text-align: center;\">Nasza kancelaria posiada polis\u0119 OC. Gwarantujemy, \u017ce interesy naszych Klient\u00f3w s\u0105 bezpieczne.<\/p>\n<p>[\/vc_column_text][vc_column_text el_class=&#8221;cv_usluga_grey&#8221;]<\/p>\n<h3 style=\"text-align: center;\"><strong>Kompleksowo\u015b\u0107<\/strong><\/h3>\n<p style=\"text-align: center;\">Wsp\u00f3\u0142pracuj\u0105c z doradcami podatkowymi oraz radcami prawnymi zapewniamy kompleksow\u0105 obs\u0142ug\u0119.<\/p>\n<p>[\/vc_column_text][vc_column_text el_class=&#8221;cv_usluga_grey&#8221;]<\/p>\n<h3 style=\"text-align: center;\"><strong>Profesjonalizm<\/strong><\/h3>\n<p style=\"text-align: center;\">Zesp\u00f3\u0142 do\u015bwiadczonych pracownik\u00f3w przygotowanych na du\u017ce wyzwania.<\/p>\n<p>[\/vc_column_text][vc_column_text el_class=&#8221;cv_usluga_grey&#8221;]<\/p>\n<h3 style=\"text-align: center;\"><strong>Wygoda<\/strong><\/h3>\n<p style=\"text-align: center;\">Dzi\u0119ki elektronicznej ksi\u0119gowo\u015bci przekazanie dokument\u00f3w odbywa si\u0119 zdalnie.<\/p>\n<p>[\/vc_column_text][\/vc_column_inner][\/vc_row_inner][\/vc_column][\/vc_row][vc_row el_id=&#8221;onas&#8221; css=&#8221;.vc_custom_1637265527057{padding-top: 80px !important;padding-bottom: 80px !important;}&#8221;][vc_column][vc_row_inner][vc_column_inner][vc_single_image image=&#8221;32&#8243; img_size=&#8221;full&#8221; alignment=&#8221;center&#8221;][\/vc_column_inner][\/vc_row_inner][vc_row_inner content_placement=&#8221;middle&#8221;][vc_column_inner width=&#8221;1\/2&#8243;][vc_single_image image=&#8221;18&#8243; img_size=&#8221;full&#8221; alignment=&#8221;center&#8221;][\/vc_column_inner][vc_column_inner width=&#8221;1\/2&#8243;][vc_column_text]<strong>Marta Zab\u0142ocka<\/strong> \u2013 w\u0142a\u015bcicielka. Jestem absolwentk\u0105 Uniwersytetu Ekonomicznego\u00a0 we Wroc\u0142awiu z ponad dwudziestoletnim do\u015bwiadczeniem w zakresie prowadzenia ksi\u0119gowo\u015bci oraz obs\u0142ugi podatkowej w firmach z polskim i zagranicznym kapita\u0142em. Od 2010 roku posiadam certyfikat ksi\u0119gowy o nr 47066\/2010.<\/p>\n<p>Ksi\u0119gowo\u015b\u0107 to moja wielka pasja. Lubi\u0119 podejmowa\u0107 wyzwania oraz sprawdza\u0107 si\u0119<br \/>\nw trudnych zagadnieniach. Dzi\u0119ki temu stale podnosz\u0119 swoje umiej\u0119tno\u015bci i tego tak\u017ce ucz\u0119 m\u00f3j zesp\u00f3\u0142.<\/p>\n<p>Prywatnie jestem szcz\u0119\u015bliw\u0105 \u017con\u0105 i mam\u0105 dw\u00f3ch energicznych pociech.<\/p>\n<p>Dla z\u0142apania balansu w codziennych zmaganiach wymykam si\u0119 na wieczorne sesje jogi, dzi\u0119ki kt\u00f3rym \u0142aduj\u0119 akumulatory na kolejne wyzwania.[\/vc_column_text][\/vc_column_inner][\/vc_row_inner][vc_row_inner][vc_column_inner][vc_column_text]Przyk\u0142adam szczeg\u00f3ln\u0105 uwag\u0119 do relacji, poniewa\u017c one w du\u017cej mierze s\u0105 odpowiedzialne za udany biznes zar\u00f3wno m\u00f3j jak i moich Klient\u00f3w. Rekrutuj\u0105c pracownik\u00f3w patrz\u0119 nie tylko na ich kwalifikacje, ale przede wszystkim na osobowo\u015b\u0107.<\/p>\n<p>Cechy jakie posiadaj\u0105 osoby, z kt\u00f3rymi wsp\u00f3\u0142pracuj\u0119 to: optymizm, waleczno\u015b\u0107, energiczno\u015b\u0107, ciekawo\u015b\u0107 \u2013 owocuj\u0105ca zdobywaniem wiedzy, samodzielno\u015b\u0107.<\/p>\n<p>Dobra atmosfera jest dla nas bardzo wa\u017cna i wp\u0142ywa na motywacj\u0119 do pracy. Jest podstaw\u0105 sukcesu firmy.[\/vc_column_text][\/vc_column_inner][\/vc_row_inner][\/vc_column][\/vc_row][vc_row][vc_column][vc_row_inner content_placement=&#8221;middle&#8221;][vc_column_inner width=&#8221;1\/2&#8243;][vc_column_text el_class=&#8221;bullets&#8221;]Nasz\u0105 misj\u0105 jest \u015bwiadczenie profesjonalnych us\u0142ug ksi\u0119gowych opartych na d\u0142ugotrwa\u0142ych relacjach z zachowaniem wzajemnego szacunku i partnerstwa.<br \/>\nTo fundament naszej dzia\u0142alno\u015bci.<\/p>\n<p>&nbsp;<\/p>\n<h3>Warto\u015bci:<\/h3>\n<p><strong>RELACJE<\/strong><\/p>\n<ul>\n<li>Umiej\u0119tnie ws\u0142uchanie si\u0119 w potrzeby Klienta<\/li>\n<li>Satysfakcja z rozwi\u0105zywania trudnych przypadk\u00f3w<\/li>\n<li>Szczere i przyjacielskie relacje<\/li>\n<\/ul>\n<p>&nbsp;<\/p>\n<p><strong>ODPOWIEDZIALNO\u015a\u0106<\/strong><\/p>\n<ul>\n<li>Cenimy swoich pracownik\u00f3w s\u0105 oni warto\u015bci\u0105 firmy<\/li>\n<li>Jeste\u015bmy spo\u0142ecznie odpowiedzialni, dbamy o ekologi\u0119<\/li>\n<li>Zawsze znajdujemy rozwi\u0105zanie w ka\u017cdej sytuacji<\/li>\n<\/ul>\n<p>&nbsp;<\/p>\n<p><strong>ROZW\u00d3J<\/strong><\/p>\n<ul>\n<li>Stale podnosimy swoje kompetencje<\/li>\n<li>Rozwijaj\u0105c siebie rozwijamy r\u00f3wnie\u017c biznes Klienta<\/li>\n<li>Dynamicznie dostosowujemy si\u0119 do nowych trend\u00f3w<\/li>\n<\/ul>\n<p>[\/vc_column_text][\/vc_column_inner][vc_column_inner width=&#8221;1\/2&#8243;][vc_single_image image=&#8221;21&#8243; img_size=&#8221;full&#8221; alignment=&#8221;center&#8221;][\/vc_column_inner][\/vc_row_inner][\/vc_column][\/vc_row][vc_row css=&#8221;.vc_custom_1637265486002{padding-top: 80px !important;padding-bottom: 80px !important;}&#8221; el_id=&#8221;filozofia&#8221;][vc_column][vc_row_inner][vc_column_inner][vc_single_image image=&#8221;30&#8243; img_size=&#8221;full&#8221; alignment=&#8221;center&#8221;][\/vc_column_inner][\/vc_row_inner][vc_row_inner equal_height=&#8221;yes&#8221;][vc_column_inner el_class=&#8221;cv_usluga_box&#8221; width=&#8221;1\/2&#8243;][vc_column_text]<\/p>\n<h3>TURKUSOWE ZARZ\u0104DZANIE<\/h3>\n<p>Wyznajemy zasad\u0119, \u017ce pracownik zaanga\u017cowany musi mie\u0107 swobod\u0119 w dzia\u0142aniu. D\u0105\u017cymy do tego, aby by\u0142 samodzielny i odpowiedzialny za projekty, kt\u00f3re prowadzi.<\/p>\n<p>Oczywi\u015bcie zawsze mo\u017ce liczy\u0107 na wsparcie ca\u0142ego zespo\u0142u. Zapewniamy komfortowe warunki pracy, jednym z nich jest otwarto\u015b\u0107 na prac\u0119 zdaln\u0105.<\/p>\n<p>Doceniamy naszych pracownik\u00f3w i budujemy obustronne zaufanie. Dzi\u0119ki temu pracownik czuje si\u0119 wa\u017cny dla firmy i wie, \u017ce jest jej cz\u0119\u015bci\u0105, a tak\u017ce ma wp\u0142yw na jej funkcjonowanie.[\/vc_column_text][\/vc_column_inner][vc_column_inner el_class=&#8221;cv_usluga_box&#8221; width=&#8221;1\/2&#8243;][vc_column_text]<\/p>\n<h3>EKOODPOWIEDZIALNI<\/h3>\n<p>Jako mieszka\u0144cy Ziemi staramy si\u0119 przyczyni\u0107 do polepszenia warunk\u00f3w na niej.<\/p>\n<p>Dzi\u0119ki wprowadzeniu e-ksi\u0119gowo\u015bci zredukowali\u015bmy zu\u017cycie drukowanych dokument\u00f3w, spe\u0142niaj\u0105c jednocze\u015bnie ustawowe wymogi archiwizacji dokument\u00f3w.<\/p>\n<p>Klient tak\u017ce nie musi przywozi\u0107 faktur do biura, dzi\u0119ki czemu ogranicza produkcj\u0119 CO2, a wolny czas mo\u017ce sp\u0119dzi\u0107 z dala od miejskiego zgie\u0142ku.[\/vc_column_text][\/vc_column_inner][\/vc_row_inner][\/vc_column][\/vc_row][vc_row el_id=&#8221;kontakt&#8221; css=&#8221;.vc_custom_1637265550669{padding-top: 80px !important;padding-bottom: 80px !important;}&#8221;][vc_column][vc_row_inner][vc_column_inner][vc_single_image image=&#8221;27&#8243; img_size=&#8221;full&#8221; alignment=&#8221;center&#8221;][\/vc_column_inner][\/vc_row_inner][vc_row_inner][vc_column_inner width=&#8221;1\/2&#8243;][vc_column_text]<strong>Kancelaria Finansowo-Rachunkowa Zab\u0142ocka Sp. z o.o.<\/strong><\/p>\n<p>ul. Legnicka 62 lok. 215<br \/>\n54-204 Wroc\u0142aw<\/p>\n<p>NIP: 8982252775<\/p>\n<p>tel.: <a href=\"tel:663 100 845\">663 100 845<\/a><\/p>\n<p>mail: <a href=\"mailto:biuro@marta-zablocka.pl\">biuro@marta-zablocka.pl<\/a><\/p>\n<p>Otwarte: Pon-Pt 8:00-16:00<\/p>\n<p>Konto mBank:<br \/>\nPL47 1140 2004 0000 3102 7916 1976[\/vc_column_text][\/vc_column_inner][vc_column_inner width=&#8221;1\/2&#8243;][vc_gmaps link=&#8221;#E-8_JTNDaWZyYW1lJTIwc3JjJTNEJTIyaHR0cHMlM0ElMkYlMkZ3d3cuZ29vZ2xlLmNvbSUyRm1hcHMlMkZlbWJlZCUzRnBiJTNEJTIxMW0xOCUyMTFtMTIlMjExbTMlMjExZDI1MDQuMjU2NzQ1NjQzNzMyMyUyMTJkMTYuOTg3Mzc5MDUxMzExMjA1JTIxM2Q1MS4xMjIxNzIwNzk0NzMzOTQlMjEybTMlMjExZjAlMjEyZjAlMjEzZjAlMjEzbTIlMjExaTEwMjQlMjEyaTc2OCUyMTRmMTMuMSUyMTNtMyUyMTFtMiUyMTFzMHg0NzBmZWI4YThmODU5ZWNmJTI1M0EweDllMjUzMzBkNzc2ZmVlMjQlMjEyc0thbmNlbGFyaWElMjUyMEZpbmFuc293by1SYWNodW5rb3dhJTI1MjBaYWIlMjVDNSUyNTgyb2NrYSUyNTIwU3AuJTI1MjB6JTI1MjBvLm8uJTIxNWUwJTIxM20yJTIxMXNwbCUyMTJzcGwlMjE0djE2MzgwNDMxMzAwMjYlMjE1bTIlMjExc3BsJTIxMnNwbCUyMiUyMHdpZHRoJTNEJTIyNjAwJTIyJTIwaGVpZ2h0JTNEJTIyNDUwJTIyJTIwc3R5bGUlM0QlMjJib3JkZXIlM0EwJTNCJTIyJTIwYWxsb3dmdWxsc2NyZWVuJTNEJTIyJTIyJTIwbG9hZGluZyUzRCUyMmxhenklMjIlM0UlM0MlMkZpZnJhbWUlM0U=&#8221;][\/vc_column_inner][\/vc_row_inner][\/vc_column][\/vc_row][vc_row full_width=&#8221;stretch_row&#8221; disable_element=&#8221;yes&#8221; css=&#8221;.vc_custom_1697247887168{padding-top: 80px !important;padding-bottom: 80px !important;background-color: #32b4a8 !important;}&#8221; el_class=&#8221;cv_abc&#8221;][vc_column][vc_column_text]<\/p>\n<h2 style=\"text-align: center;\">ABC biznesu &#8211; materia\u0142y do pobrania<\/h2>\n<p>[\/vc_column_text][vc_row_inner][vc_column_inner width=&#8221;1\/4&#8243;][vc_column_text]<\/p>\n<ul>\n<li><a href=\"#\">Przyk\u0142adowy link<\/a><\/li>\n<li><a href=\"#\">Przyk\u0142adowy link<\/a><\/li>\n<li><a href=\"#\">Przyk\u0142adowy link<\/a><\/li>\n<li><a href=\"#\">Przyk\u0142adowy link<\/a><\/li>\n<\/ul>\n<p>[\/vc_column_text][\/vc_column_inner][vc_column_inner width=&#8221;1\/4&#8243;][vc_column_text]<\/p>\n<ul>\n<li><a href=\"#\">Przyk\u0142adowy link<\/a><\/li>\n<li><a href=\"#\">Przyk\u0142adowy link<\/a><\/li>\n<li><a href=\"#\">Przyk\u0142adowy link<\/a><\/li>\n<li><a href=\"#\">Przyk\u0142adowy link<\/a><\/li>\n<\/ul>\n<p>[\/vc_column_text][\/vc_column_inner][vc_column_inner width=&#8221;1\/4&#8243;][vc_column_text]<\/p>\n<ul>\n<li><a href=\"#\">Przyk\u0142adowy link<\/a><\/li>\n<li><a href=\"#\">Przyk\u0142adowy link<\/a><\/li>\n<li><a href=\"#\">Przyk\u0142adowy link<\/a><\/li>\n<li><a href=\"#\">Przyk\u0142adowy link<\/a><\/li>\n<\/ul>\n<p>[\/vc_column_text][\/vc_column_inner][vc_column_inner width=&#8221;1\/4&#8243;][vc_column_text]<\/p>\n<ul>\n<li><a href=\"#\">Przyk\u0142adowy link<\/a><\/li>\n<li><a href=\"#\">Przyk\u0142adowy link<\/a><\/li>\n<li><a href=\"#\">Przyk\u0142adowy link<\/a><\/li>\n<li><a href=\"#\">Przyk\u0142adowy link<\/a><\/li>\n<\/ul>\n<p>[\/vc_column_text][\/vc_column_inner][\/vc_row_inner][\/vc_column][\/vc_row]<\/p>\n","protected":false},"excerpt":{"rendered":"<p>[vc_row css=&#8221;.vc_custom_1637265445293{padding-top: 80px !important;padding-bottom: 80px !important;}&#8221; el_id=&#8221;oferta&#8221;][vc_column][vc_row_inner][vc_column_inner][vc_single_image image=&#8221;38&#8243; img_size=&#8221;full&#8221; alignment=&#8221;center&#8221;][\/vc_column_inner][\/vc_row_inner][vc_row_inner][vc_column_inner width=&#8221;1\/3&#8243;][vc_single_image image=&#8221;39&#8243; img_size=&#8221;full&#8221; alignment=&#8221;center&#8221;][vc_column_text el_class=&#8221;bullets&#8221;] Ksi\u0119gowo\u015b\u0107: Prowadzenie pe\u0142nej ksi\u0119gowo\u015bci Prowadzenie podatkowej ksi\u0119gi przychod\u00f3w i rozchod\u00f3w Sporz\u0105dzanie analiz finansowych Sporz\u0105dzanie sprawozda\u0144 finansowych Sporz\u0105dzanie rocznych zezna\u0144 podatkowych [\/vc_column_text][\/vc_column_inner][vc_column_inner width=&#8221;1\/3&#8243;][vc_single_image image=&#8221;40&#8243; img_size=&#8221;full&#8221; alignment=&#8221;center&#8221;][vc_column_text el_class=&#8221;bullets&#8221;] Kadry i p\u0142ace: Przygotowanie dokument\u00f3w &#8211; przyj\u0119cie pracownika Prowadzenie akt osobowych, kart urlopowych, kart [&hellip;]<\/p>\n","protected":false},"author":1,"featured_media":0,"parent":0,"menu_order":0,"comment_status":"closed","ping_status":"closed","template":"templates\/homepage.php","meta":{"footnotes":""},"class_list":["post-7","page","type-page","status-publish","hentry"],"_links":{"self":[{"href":"https:\/\/marta-zablocka.pl\/index.php?rest_route=\/wp\/v2\/pages\/7","targetHints":{"allow":["GET"]}}],"collection":[{"href":"https:\/\/marta-zablocka.pl\/index.php?rest_route=\/wp\/v2\/pages"}],"about":[{"href":"https:\/\/marta-zablocka.pl\/index.php?rest_route=\/wp\/v2\/types\/page"}],"author":[{"embeddable":true,"href":"https:\/\/marta-zablocka.pl\/index.php?rest_route=\/wp\/v2\/users\/1"}],"replies":[{"embeddable":true,"href":"https:\/\/marta-zablocka.pl\/index.php?rest_route=%2Fwp%2Fv2%2Fcomments&post=7"}],"version-history":[{"count":53,"href":"https:\/\/marta-zablocka.pl\/index.php?rest_route=\/wp\/v2\/pages\/7\/revisions"}],"predecessor-version":[{"id":113,"href":"https:\/\/marta-zablocka.pl\/index.php?rest_route=\/wp\/v2\/pages\/7\/revisions\/113"}],"wp:attachment":[{"href":"https:\/\/marta-zablocka.pl\/index.php?rest_route=%2Fwp%2Fv2%2Fmedia&parent=7"}],"curies":[{"name":"wp","href":"https:\/\/api.w.org\/{rel}","templated":true}]}}